{"id":5408,"date":"2025-09-10T11:54:30","date_gmt":"2025-09-10T15:54:30","guid":{"rendered":"https:\/\/stage1.redeemer-astoria.org\/?page_id=5408"},"modified":"2025-10-14T10:38:18","modified_gmt":"2025-10-14T14:38:18","slug":"draft","status":"publish","type":"page","link":"https:\/\/stage1.redeemer-astoria.org\/es\/about-us\/draft\/","title":{"rendered":"Get to know our new Priest"},"content":{"rendered":"<div data-elementor-type=\"wp-page\" data-elementor-id=\"5408\" class=\"elementor elementor-5408\" data-elementor-post-type=\"page\">\n\t\t\t\t<div class=\"elementor-element elementor-element-2d7dc1f6 e-flex e-con-boxed e-con e-parent\" data-id=\"2d7dc1f6\" data-element_type=\"container\">\n\t\t\t\t\t<div class=\"e-con-inner\">\n\t\t\t\t<div class=\"elementor-element elementor-element-7f32d969 elementor-widget elementor-widget-text-editor\" data-id=\"7f32d969\" data-element_type=\"widget\" data-widget_type=\"text-editor.default\">\n\t\t\t\t<div class=\"elementor-widget-container\">\n\t\t\t\t\t\t\t\t\t<h4>Welcome home Father Carlos Rendon!<\/h4>\n<div>\u00a0<\/div>\n<h4>\u00a1Bienvenido a casa Padre Carlos Rendon!<\/h4>\n<p><!-- \/wp:gallery --><\/p>\t\t\t\t\t\t\t\t<\/div>\n\t\t\t\t<\/div>\n\t\t\t\t<div class=\"elementor-element elementor-element-121ff7f elementor-widget elementor-widget-heading\" data-id=\"121ff7f\" data-element_type=\"widget\" data-widget_type=\"heading.default\">\n\t\t\t\t<div class=\"elementor-widget-container\">\n\t\t\t\t\t<h2 class=\"elementor-heading-title elementor-size-default\">About Father Carlos Rendon<br><\/h2>\t\t\t\t<\/div>\n\t\t\t\t<\/div>\n\t\t\t\t\t<\/div>\n\t\t\t\t<\/div>\n\t\t<div class=\"elementor-element elementor-element-f1ad992 e-flex e-con-boxed e-con e-parent\" data-id=\"f1ad992\" data-element_type=\"container\">\n\t\t\t\t\t<div class=\"e-con-inner\">\n\t\t\t\t<div class=\"elementor-element elementor-element-5439d42 elementor-widget elementor-widget-image\" data-id=\"5439d42\" data-element_type=\"widget\" data-widget_type=\"image.default\">\n\t\t\t\t<div class=\"elementor-widget-container\">\n\t\t\t\t\t\t\t\t\t\t\t\t\t\t\t<img fetchpriority=\"high\" decoding=\"async\" width=\"240\" height=\"240\" src=\"https:\/\/stage1.redeemer-astoria.org\/wp-content\/uploads\/2025\/10\/Carlos.jpeg\" class=\"attachment-large size-large wp-image-6036\" alt=\"\" srcset=\"https:\/\/stage1.redeemer-astoria.org\/wp-content\/uploads\/2025\/10\/Carlos.jpeg 240w, https:\/\/stage1.redeemer-astoria.org\/wp-content\/uploads\/2025\/10\/Carlos-150x150.jpeg 150w, https:\/\/stage1.redeemer-astoria.org\/wp-content\/uploads\/2025\/10\/Carlos-12x12.jpeg 12w\" sizes=\"(max-width: 240px) 100vw, 240px\" \/>\t\t\t\t\t\t\t\t\t\t\t\t\t\t\t<\/div>\n\t\t\t\t<\/div>\n\t\t\t\t\t<\/div>\n\t\t\t\t<\/div>\n\t\t<div class=\"elementor-element elementor-element-8f23542 e-flex e-con-boxed e-con e-parent\" data-id=\"8f23542\" data-element_type=\"container\">\n\t\t\t\t\t<div class=\"e-con-inner\">\n\t\t\t\t<div class=\"elementor-element elementor-element-6ba3011 elementor-widget elementor-widget-text-editor\" data-id=\"6ba3011\" data-element_type=\"widget\" data-widget_type=\"text-editor.default\">\n\t\t\t\t<div class=\"elementor-widget-container\">\n\t\t\t\t\t\t\t\t\t<p>Carlos Holmes Rendon Agudelo, Born in Cali, Colombia, was ordained a deacon on May 14, 2022 in the Episcopal Diocese of Colombia and as a priest on Sep 16, 2023<br \/>by Bishop Provenzano, has served as Assistant Priest at Iglesia de La Santa Cruz in<br \/>Brooklyn, NY since Oct 2022 to Sept 2025. His first day with The Church of the Redeemer was on Oct 5th 2025.<br \/>He is married to Monica Tatiana Mu\u00f1oz Lozano, they are the parents of a four-year-<br \/>old boy Josemaria Rend\u00f3n Munoz and their one-year-old twin daughters Alicia and<br \/>Milagros. He is a graduate of the Pablo Velasquez Abreu Center for Theological Studies of the Diocese of the Episcopal Church of Colombia in Ecclesiastical Baccalaureate in Theology.<\/p><p>Carlos Holmes Rend\u00f3n Agudelo, nacido en Cali, Colombia, fue ordenado di\u00e1cono el 14 de mayo de 2022 en la Di\u00f3cesis Episcopal de Colombia y sacerdote el 16 de septiembre de 2023 por el obispo Provenzano. Desde octubre de 2022 hasta septiembre 2025, se desempe\u00f1a como asistente parroquial en la Iglesia de La Santa Cruz en Brooklyn, Nueva York. Su primer dia en la Iglesia del Redentor inicio en Octubre 5, 2025.\u00a0<br \/>Est\u00e1 casado con M\u00f3nica Tatiana Mu\u00f1oz Lozano y son padres de Josemar\u00eda Rend\u00f3n<br \/>Mu\u00f1oz, de cuatro a\u00f1os, y de sus hijas gemelas Alicia y Milagros, de un a\u00f1o. Es<br \/>egresado del Centro de Estudios Teol\u00f3gicos Pablo Vel\u00e1squez Abreu de la Di\u00f3cesis de la Iglesia Episcopal de Colombia, donde obtuvo el Bachillerato Eclesi\u00e1stico en<br \/>Teolog\u00eda.<\/p>\t\t\t\t\t\t\t\t<\/div>\n\t\t\t\t<\/div>\n\t\t\t\t\t<\/div>\n\t\t\t\t<\/div>\n\t\t<div class=\"elementor-element elementor-element-3deacba e-flex e-con-boxed e-con e-parent\" data-id=\"3deacba\" data-element_type=\"container\">\n\t\t\t\t\t<div class=\"e-con-inner\">\n\t\t\t\t<div class=\"elementor-element elementor-element-ef16ed1 elementor-align-center elementor-widget elementor-widget-button\" data-id=\"ef16ed1\" data-element_type=\"widget\" data-widget_type=\"button.default\">\n\t\t\t\t<div class=\"elementor-widget-container\">\n\t\t\t\t\t\t\t\t\t<div class=\"elementor-button-wrapper\">\n\t\t\t\t\t<a class=\"elementor-button elementor-button-link elementor-size-sm\" href=\"https:\/\/stage1.redeemer-astoria.org\/wp-content\/uploads\/2025\/10\/Letter-to-The-Redeemer-.pdf\" target=\"_blank\">\n\t\t\t\t\t\t<span class=\"elementor-button-content-wrapper\">\n\t\t\t\t\t\t\t\t\t<span class=\"elementor-button-text\">Letter for the Church of the Redeemer<\/span>\n\t\t\t\t\t<\/span>\n\t\t\t\t\t<\/a>\n\t\t\t\t<\/div>\n\t\t\t\t\t\t\t\t<\/div>\n\t\t\t\t<\/div>\n\t\t\t\t\t<\/div>\n\t\t\t\t<\/div>\n\t\t\t\t<\/div>","protected":false},"excerpt":{"rendered":"<p>Welcome home Father Carlos Rendon! \u00a0 \u00a1Bienvenido a casa Padre Carlos Rendon! About Father Carlos Rendon Carlos Holmes Rendon Agudelo, Born in Cali, Colombia, was ordained a deacon on May 14, 2022 in the Episcopal Diocese of Colombia and as a priest on Sep 16, 2023by Bishop Provenzano, has served as Assistant Priest at Iglesia [&hellip;]<\/p>","protected":false},"author":1,"featured_media":0,"parent":3837,"menu_order":0,"comment_status":"closed","ping_status":"closed","template":"","meta":{"footnotes":""},"class_list":["post-5408","page","type-page","status-publish","hentry"],"_links":{"self":[{"href":"https:\/\/stage1.redeemer-astoria.org\/es\/wp-json\/wp\/v2\/pages\/5408","targetHints":{"allow":["GET"]}}],"collection":[{"href":"https:\/\/stage1.redeemer-astoria.org\/es\/wp-json\/wp\/v2\/pages"}],"about":[{"href":"https:\/\/stage1.redeemer-astoria.org\/es\/wp-json\/wp\/v2\/types\/page"}],"author":[{"embeddable":true,"href":"https:\/\/stage1.redeemer-astoria.org\/es\/wp-json\/wp\/v2\/users\/1"}],"replies":[{"embeddable":true,"href":"https:\/\/stage1.redeemer-astoria.org\/es\/wp-json\/wp\/v2\/comments?post=5408"}],"version-history":[{"count":12,"href":"https:\/\/stage1.redeemer-astoria.org\/es\/wp-json\/wp\/v2\/pages\/5408\/revisions"}],"predecessor-version":[{"id":6064,"href":"https:\/\/stage1.redeemer-astoria.org\/es\/wp-json\/wp\/v2\/pages\/5408\/revisions\/6064"}],"up":[{"embeddable":true,"href":"https:\/\/stage1.redeemer-astoria.org\/es\/wp-json\/wp\/v2\/pages\/3837"}],"wp:attachment":[{"href":"https:\/\/stage1.redeemer-astoria.org\/es\/wp-json\/wp\/v2\/media?parent=5408"}],"curies":[{"name":"wp","href":"https:\/\/api.w.org\/{rel}","templated":true}]}}