{"id":17,"date":"2014-02-28T06:55:22","date_gmt":"2014-02-28T11:55:22","guid":{"rendered":"http:\/\/192.232.247.118\/imithemes.com\/dev\/native-church\/?page_id=17"},"modified":"2023-11-06T03:43:28","modified_gmt":"2023-11-06T08:43:28","slug":"events-and-groups","status":"publish","type":"page","link":"https:\/\/stage1.redeemer-astoria.org\/es\/events-and-groups\/","title":{"rendered":"Eventos y Grupos"},"content":{"rendered":"<div data-elementor-type=\"wp-page\" data-elementor-id=\"17\" class=\"elementor elementor-17\" data-elementor-post-type=\"page\">\n\t\t\t\t<div class=\"elementor-element elementor-element-e87c0ba e-flex e-con-boxed e-con e-parent\" data-id=\"e87c0ba\" data-element_type=\"container\">\n\t\t\t\t\t<div class=\"e-con-inner\">\n\t\t<div class=\"elementor-element elementor-element-daa8864 e-flex e-con-boxed e-con e-child\" data-id=\"daa8864\" data-element_type=\"container\">\n\t\t\t\t\t<div class=\"e-con-inner\">\n\t\t\t\t<div class=\"elementor-element elementor-element-9fa02d5 elementor-widget elementor-widget-spacer\" data-id=\"9fa02d5\" data-element_type=\"widget\" data-widget_type=\"spacer.default\">\n\t\t\t\t<div class=\"elementor-widget-container\">\n\t\t\t\t\t\t\t<div class=\"elementor-spacer\">\n\t\t\t<div class=\"elementor-spacer-inner\"><\/div>\n\t\t<\/div>\n\t\t\t\t\t\t<\/div>\n\t\t\t\t<\/div>\n\t\t\t\t\t<\/div>\n\t\t\t\t<\/div>\n\t\t\t\t\t<\/div>\n\t\t\t\t<\/div>\n\t\t<div class=\"elementor-element elementor-element-9ffada0 e-flex e-con-boxed e-con e-parent\" data-id=\"9ffada0\" data-element_type=\"container\">\n\t\t\t\t\t<div class=\"e-con-inner\">\n\t\t\t\t<div class=\"elementor-element elementor-element-fc073aa elementor-widget elementor-widget-heading\" data-id=\"fc073aa\" data-element_type=\"widget\" data-widget_type=\"heading.default\">\n\t\t\t\t<div class=\"elementor-widget-container\">\n\t\t\t\t\t<h2 class=\"elementor-heading-title elementor-size-default\">Eventos y Grupos<\/h2>\t\t\t\t<\/div>\n\t\t\t\t<\/div>\n\t\t\t\t\t<\/div>\n\t\t\t\t<\/div>\n\t\t<div class=\"elementor-element elementor-element-447f0d7 e-flex e-con-boxed e-con e-parent\" data-id=\"447f0d7\" data-element_type=\"container\">\n\t\t\t\t\t<div class=\"e-con-inner\">\n\t\t<div class=\"elementor-element elementor-element-7fc4e9c e-con-full e-flex e-con e-child\" data-id=\"7fc4e9c\" data-element_type=\"container\">\n\t\t\t\t<div class=\"elementor-element elementor-element-65ba644 elementor-widget elementor-widget-heading\" data-id=\"65ba644\" data-element_type=\"widget\" data-widget_type=\"heading.default\">\n\t\t\t\t<div class=\"elementor-widget-container\">\n\t\t\t\t\t<h4 class=\"elementor-heading-title elementor-size-default\">Eventos en curso<\/h4>\t\t\t\t<\/div>\n\t\t\t\t<\/div>\n\t\t<div class=\"elementor-element elementor-element-9f714d8 e-con-full e-flex e-con e-child\" data-id=\"9f714d8\" data-element_type=\"container\">\n\t\t<div class=\"elementor-element elementor-element-6e32a57 e-con-full e-flex e-con e-child\" data-id=\"6e32a57\" data-element_type=\"container\">\n\t\t\t\t<div class=\"elementor-element elementor-element-3e4bf3e elementor-widget elementor-widget-image\" data-id=\"3e4bf3e\" data-element_type=\"widget\" data-widget_type=\"image.default\">\n\t\t\t\t<div class=\"elementor-widget-container\">\n\t\t\t\t\t\t\t\t\t\t\t\t\t\t\t<img fetchpriority=\"high\" decoding=\"async\" width=\"400\" height=\"267\" src=\"https:\/\/stage1.redeemer-astoria.org\/wp-content\/uploads\/2023\/11\/photo-praying-over-a-bible-400x267-1.jpeg\" class=\"attachment-full size-full wp-image-4508\" alt=\"photo-praying-over-a-bible-400x267\" srcset=\"https:\/\/stage1.redeemer-astoria.org\/wp-content\/uploads\/2023\/11\/photo-praying-over-a-bible-400x267-1.jpeg 400w, https:\/\/stage1.redeemer-astoria.org\/wp-content\/uploads\/2023\/11\/photo-praying-over-a-bible-400x267-1-300x200.jpeg 300w\" sizes=\"(max-width: 400px) 100vw, 400px\" \/>\t\t\t\t\t\t\t\t\t\t\t\t\t\t\t<\/div>\n\t\t\t\t<\/div>\n\t\t<div class=\"elementor-element elementor-element-17b9a28 e-con-full e-flex e-con e-child\" data-id=\"17b9a28\" data-element_type=\"container\">\n\t\t\t\t<div class=\"elementor-element elementor-element-e08d038 elementor-widget elementor-widget-heading\" data-id=\"e08d038\" data-element_type=\"widget\" data-widget_type=\"heading.default\">\n\t\t\t\t<div class=\"elementor-widget-container\">\n\t\t\t\t\t<h3 class=\"elementor-heading-title elementor-size-default\">Estudiar la biblia<\/h3>\t\t\t\t<\/div>\n\t\t\t\t<\/div>\n\t\t\t\t<div class=\"elementor-element elementor-element-a254765 elementor-widget elementor-widget-text-editor\" data-id=\"a254765\" data-element_type=\"widget\" data-widget_type=\"text-editor.default\">\n\t\t\t\t<div class=\"elementor-widget-container\">\n\t\t\t\t\t\t\t\t\t<p>Todos los mi\u00e9rcoles a las 19:30<\/p>\t\t\t\t\t\t\t\t<\/div>\n\t\t\t\t<\/div>\n\t\t\t\t<\/div>\n\t\t\t\t<\/div>\n\t\t<div class=\"elementor-element elementor-element-15c89e3 e-con-full e-flex e-con e-child\" data-id=\"15c89e3\" data-element_type=\"container\">\n\t\t\t\t<div class=\"elementor-element elementor-element-4e74909 elementor-widget elementor-widget-image\" data-id=\"4e74909\" data-element_type=\"widget\" data-widget_type=\"image.default\">\n\t\t\t\t<div class=\"elementor-widget-container\">\n\t\t\t\t\t\t\t\t\t\t\t\t\t\t\t<img decoding=\"async\" width=\"400\" height=\"267\" src=\"https:\/\/stage1.redeemer-astoria.org\/wp-content\/uploads\/2023\/11\/Community-Dinner-1.png\" class=\"attachment-full size-full wp-image-4509\" alt=\"Community-Dinner\" srcset=\"https:\/\/stage1.redeemer-astoria.org\/wp-content\/uploads\/2023\/11\/Community-Dinner-1.png 400w, https:\/\/stage1.redeemer-astoria.org\/wp-content\/uploads\/2023\/11\/Community-Dinner-1-300x200.png 300w\" sizes=\"(max-width: 400px) 100vw, 400px\" \/>\t\t\t\t\t\t\t\t\t\t\t\t\t\t\t<\/div>\n\t\t\t\t<\/div>\n\t\t<div class=\"elementor-element elementor-element-07d310b e-con-full e-flex e-con e-child\" data-id=\"07d310b\" data-element_type=\"container\">\n\t\t\t\t<div class=\"elementor-element elementor-element-115fc8b elementor-widget elementor-widget-heading\" data-id=\"115fc8b\" data-element_type=\"widget\" data-widget_type=\"heading.default\">\n\t\t\t\t<div class=\"elementor-widget-container\">\n\t\t\t\t\t<h3 class=\"elementor-heading-title elementor-size-default\">Cena comunitaria<\/h3>\t\t\t\t<\/div>\n\t\t\t\t<\/div>\n\t\t\t\t<div class=\"elementor-element elementor-element-9359e70 elementor-widget elementor-widget-text-editor\" data-id=\"9359e70\" data-element_type=\"widget\" data-widget_type=\"text-editor.default\">\n\t\t\t\t<div class=\"elementor-widget-container\">\n\t\t\t\t\t\t\t\t\t<p>Todos los mi\u00e9rcoles de 17:30 a 18:30 PM<\/p>\t\t\t\t\t\t\t\t<\/div>\n\t\t\t\t<\/div>\n\t\t\t\t<\/div>\n\t\t\t\t<\/div>\n\t\t<div class=\"elementor-element elementor-element-7629085 e-con-full e-flex e-con e-child\" data-id=\"7629085\" data-element_type=\"container\">\n\t\t\t\t<div class=\"elementor-element elementor-element-d131776 elementor-widget elementor-widget-image\" data-id=\"d131776\" data-element_type=\"widget\" data-widget_type=\"image.default\">\n\t\t\t\t<div class=\"elementor-widget-container\">\n\t\t\t\t\t\t\t\t\t\t\t\t\t\t\t<img decoding=\"async\" width=\"400\" height=\"267\" src=\"https:\/\/stage1.redeemer-astoria.org\/wp-content\/uploads\/2023\/11\/Psychology_m-600x400-2.jpg\" class=\"attachment-full size-full wp-image-4507\" alt=\"Psychology_m-600x400\" srcset=\"https:\/\/stage1.redeemer-astoria.org\/wp-content\/uploads\/2023\/11\/Psychology_m-600x400-2.jpg 400w, https:\/\/stage1.redeemer-astoria.org\/wp-content\/uploads\/2023\/11\/Psychology_m-600x400-2-300x200.jpg 300w\" sizes=\"(max-width: 400px) 100vw, 400px\" \/>\t\t\t\t\t\t\t\t\t\t\t\t\t\t\t<\/div>\n\t\t\t\t<\/div>\n\t\t<div class=\"elementor-element elementor-element-e03ebc8 e-con-full e-flex e-con e-child\" data-id=\"e03ebc8\" data-element_type=\"container\">\n\t\t\t\t<div class=\"elementor-element elementor-element-5eeaacd elementor-widget elementor-widget-heading\" data-id=\"5eeaacd\" data-element_type=\"widget\" data-widget_type=\"heading.default\">\n\t\t\t\t<div class=\"elementor-widget-container\">\n\t\t\t\t\t<h3 class=\"elementor-heading-title elementor-size-default\">Terapia de asesoramiento<\/h3>\t\t\t\t<\/div>\n\t\t\t\t<\/div>\n\t\t\t\t<div class=\"elementor-element elementor-element-a699be3 elementor-widget elementor-widget-text-editor\" data-id=\"a699be3\" data-element_type=\"widget\" data-widget_type=\"text-editor.default\">\n\t\t\t\t<div class=\"elementor-widget-container\">\n\t\t\t\t\t\t\t\t\t<p>Todos los martes desde las 9:00 a.m.<\/p>\t\t\t\t\t\t\t\t<\/div>\n\t\t\t\t<\/div>\n\t\t\t\t<\/div>\n\t\t\t\t<\/div>\n\t\t\t\t<\/div>\n\t\t\t\t<\/div>\n\t\t<div class=\"elementor-element elementor-element-e7cbb0f e-con-full e-flex e-con e-child\" data-id=\"e7cbb0f\" data-element_type=\"container\">\n\t\t\t\t<div class=\"elementor-element elementor-element-cda0502 elementor-widget elementor-widget-heading\" data-id=\"cda0502\" data-element_type=\"widget\" data-widget_type=\"heading.default\">\n\t\t\t\t<div class=\"elementor-widget-container\">\n\t\t\t\t\t<h4 class=\"elementor-heading-title elementor-size-default\">Eventos Especiales<\/h4>\t\t\t\t<\/div>\n\t\t\t\t<\/div>\n\t\t<div class=\"elementor-element elementor-element-8951274 e-con-full e-flex e-con e-child\" data-id=\"8951274\" data-element_type=\"container\">\n\t\t<div class=\"elementor-element elementor-element-ef367f5 e-con-full e-flex e-con e-child\" data-id=\"ef367f5\" data-element_type=\"container\">\n\t\t\t\t<div class=\"elementor-element elementor-element-53b71a6 elementor-widget elementor-widget-image\" data-id=\"53b71a6\" data-element_type=\"widget\" data-widget_type=\"image.default\">\n\t\t\t\t<div class=\"elementor-widget-container\">\n\t\t\t\t\t\t\t\t\t\t\t\t\t\t\t<img loading=\"lazy\" decoding=\"async\" width=\"400\" height=\"266\" src=\"https:\/\/stage1.redeemer-astoria.org\/wp-content\/uploads\/2023\/11\/healing_of_the_blind_man-400x266-1.jpg\" class=\"attachment-full size-full wp-image-4453\" alt=\"\" srcset=\"https:\/\/stage1.redeemer-astoria.org\/wp-content\/uploads\/2023\/11\/healing_of_the_blind_man-400x266-1.jpg 400w, https:\/\/stage1.redeemer-astoria.org\/wp-content\/uploads\/2023\/11\/healing_of_the_blind_man-400x266-1-300x200.jpg 300w\" sizes=\"(max-width: 400px) 100vw, 400px\" \/>\t\t\t\t\t\t\t\t\t\t\t\t\t\t\t<\/div>\n\t\t\t\t<\/div>\n\t\t<div class=\"elementor-element elementor-element-2d46d92 e-con-full e-flex e-con e-child\" data-id=\"2d46d92\" data-element_type=\"container\">\n\t\t\t\t<div class=\"elementor-element elementor-element-1de1fac elementor-widget elementor-widget-heading\" data-id=\"1de1fac\" data-element_type=\"widget\" data-widget_type=\"heading.default\">\n\t\t\t\t<div class=\"elementor-widget-container\">\n\t\t\t\t\t<h3 class=\"elementor-heading-title elementor-size-default\">Servicio de Sanaci\u00f3n con unci\u00f3n e imposici\u00f3n de manos.<\/h3>\t\t\t\t<\/div>\n\t\t\t\t<\/div>\n\t\t\t\t<div class=\"elementor-element elementor-element-36150c0 elementor-widget elementor-widget-text-editor\" data-id=\"36150c0\" data-element_type=\"widget\" data-widget_type=\"text-editor.default\">\n\t\t\t\t<div class=\"elementor-widget-container\">\n\t\t\t\t\t\t\t\t\t<p>Primer mi\u00e9rcoles de cada mes a las 19:00 horas.<\/p>\t\t\t\t\t\t\t\t<\/div>\n\t\t\t\t<\/div>\n\t\t\t\t<\/div>\n\t\t\t\t<\/div>\n\t\t\t\t<\/div>\n\t\t\t\t<\/div>\n\t\t\t\t\t<\/div>\n\t\t\t\t<\/div>\n\t\t\t\t<\/div>","protected":false},"excerpt":{"rendered":"<p>Events and Groups Ongoing Events Study the bible Every Wednesday at 7:30 PM Community Dinner Every Wednesday from 5:30 PM to 6:30 PM Counseling Therapy Every Tuesday from 9:00 AM Special Events Healing Service with anointing and laying of hands First Wednesday of every month at 7:00 PM<\/p>","protected":false},"author":1,"featured_media":0,"parent":0,"menu_order":0,"comment_status":"closed","ping_status":"closed","template":"","meta":{"footnotes":""},"class_list":["post-17","page","type-page","status-publish","hentry"],"_links":{"self":[{"href":"https:\/\/stage1.redeemer-astoria.org\/es\/wp-json\/wp\/v2\/pages\/17","targetHints":{"allow":["GET"]}}],"collection":[{"href":"https:\/\/stage1.redeemer-astoria.org\/es\/wp-json\/wp\/v2\/pages"}],"about":[{"href":"https:\/\/stage1.redeemer-astoria.org\/es\/wp-json\/wp\/v2\/types\/page"}],"author":[{"embeddable":true,"href":"https:\/\/stage1.redeemer-astoria.org\/es\/wp-json\/wp\/v2\/users\/1"}],"replies":[{"embeddable":true,"href":"https:\/\/stage1.redeemer-astoria.org\/es\/wp-json\/wp\/v2\/comments?post=17"}],"version-history":[{"count":0,"href":"https:\/\/stage1.redeemer-astoria.org\/es\/wp-json\/wp\/v2\/pages\/17\/revisions"}],"wp:attachment":[{"href":"https:\/\/stage1.redeemer-astoria.org\/es\/wp-json\/wp\/v2\/media?parent=17"}],"curies":[{"name":"wp","href":"https:\/\/api.w.org\/{rel}","templated":true}]}}